{"id":18,"date":"2023-04-02T07:26:09","date_gmt":"2023-04-02T07:26:09","guid":{"rendered":"https:\/\/wptf.themepul.co\/ecofine\/?page_id=18"},"modified":"2024-04-04T11:06:28","modified_gmt":"2024-04-04T10:06:28","slug":"contact","status":"publish","type":"page","link":"https:\/\/phenomaize.rs\/?page_id=18","title":{"rendered":"Contact"},"content":{"rendered":"\t\t<div data-elementor-type=\"wp-page\" data-elementor-id=\"18\" class=\"elementor elementor-18\" data-elementor-post-type=\"page\">\n\t\t\t\t\t\t<section class=\"elementor-section elementor-top-section elementor-element elementor-element-b50b3d4 elementor-section-boxed elementor-section-height-default elementor-section-height-default\" data-id=\"b50b3d4\" data-element_type=\"section\" data-e-type=\"section\">\n\t\t\t\t\t\t<div class=\"elementor-container elementor-column-gap-no\">\n\t\t\t\t\t<div class=\"elementor-column elementor-col-100 elementor-top-column elementor-element elementor-element-ff59dc5\" data-id=\"ff59dc5\" data-element_type=\"column\" data-e-type=\"column\">\n\t\t\t<div class=\"elementor-widget-wrap elementor-element-populated\">\n\t\t\t\t\t\t<div class=\"elementor-element elementor-element-88970bb elementor-widget elementor-widget-eco_icon_box\" data-id=\"88970bb\" data-element_type=\"widget\" data-e-type=\"widget\" data-widget_type=\"eco_icon_box.default\">\n\t\t\t\t<div class=\"elementor-widget-container\">\n\t\t\t\t\t        <div class=\"eco-icon-box-wrapper\">\n            <div class=\"container\">\n                <div class=\"eco-icon-boxs\">\n                    <div class=\"row\">\n                                                <div class=\"col-xl-4 col-lg-4 col-md-4 col-12\">\n                            <div class=\"eco-icon-box-item \">\n                                                                            <div class=\"eco-icon\">\n                                           <div class=\"eco-icon-position\">\n                                            <i aria-hidden=\"true\" class=\"bi bi-person-square\"><\/i>                                            <\/div>\n                                        <\/div>\n                                    \n                                                                                                            <h3 class=\"icon-title\">\n                                            Sofija Bo\u017einovi\u0107, PhD                                        <\/h3>\n                                                                                                    <div class=\"icon-description\">\n                                    Principal Investigator\n                                <\/div>\n                            <\/div>\n                        <\/div>\n                                                <div class=\"col-xl-4 col-lg-4 col-md-4 col-12\">\n                            <div class=\"eco-icon-box-item \">\n                                                                            <div class=\"eco-icon\">\n                                           <div class=\"eco-icon-position\">\n                                            <i aria-hidden=\"true\" class=\"ico ico-email\"><\/i>                                            <\/div>\n                                        <\/div>\n                                    \n                                                                                                            <h3 class=\"icon-title\">\n                                            Contact e-mails:                                        <\/h3>\n                                                                                                    <div class=\"icon-description\">\n                                    sbozinovic@mrizp.rs\nphenomaize@mrizp.rs                                <\/div>\n                            <\/div>\n                        <\/div>\n                                                <div class=\"col-xl-4 col-lg-4 col-md-4 col-12\">\n                            <div class=\"eco-icon-box-item \">\n                                                                            <div class=\"eco-icon\">\n                                           <div class=\"eco-icon-position\">\n                                            <i aria-hidden=\"true\" class=\"ico ico-map2\"><\/i>                                            <\/div>\n                                        <\/div>\n                                    \n                                                                                                            <h3 class=\"icon-title\">\n                                            Our address                                        <\/h3>\n                                                                                                    <div class=\"icon-description\">\n                                    Street: Slobodana Baji\u0107a 1, \n11185 Belgrade, \nSerbia                                <\/div>\n                            <\/div>\n                        <\/div>\n                                            <\/div>\n                <\/div>\n            <\/div>\n        <\/div>\n        \t\t\t\t<\/div>\n\t\t\t\t<\/div>\n\t\t\t\t\t<\/div>\n\t\t<\/div>\n\t\t\t\t\t<\/div>\n\t\t<\/section>\n\t\t\t\t<section class=\"elementor-section elementor-top-section elementor-element elementor-element-27d90b7 elementor-section-boxed elementor-section-height-default elementor-section-height-default\" data-id=\"27d90b7\" data-element_type=\"section\" data-e-type=\"section\">\n\t\t\t\t\t\t<div class=\"elementor-container elementor-column-gap-no\">\n\t\t\t\t\t<div class=\"elementor-column elementor-col-50 elementor-top-column elementor-element elementor-element-7b6bb2e\" data-id=\"7b6bb2e\" data-element_type=\"column\" data-e-type=\"column\">\n\t\t\t<div class=\"elementor-widget-wrap elementor-element-populated\">\n\t\t\t\t\t\t<div class=\"elementor-element elementor-element-2befa30 elementor-widget elementor-widget-google_maps\" data-id=\"2befa30\" data-element_type=\"widget\" data-e-type=\"widget\" data-widget_type=\"google_maps.default\">\n\t\t\t\t<div class=\"elementor-widget-container\">\n\t\t\t\t\t\t\t<div class=\"elementor-custom-embed\">\n\t\t\t<iframe loading=\"lazy\"\n\t\t\t\t\tsrc=\"https:\/\/maps.google.com\/maps?q=Slobodana%20Baji%C4%87a%201%2C%20Beograd%20Institut%20za%20kukuruz&#038;t=m&#038;z=11&#038;output=embed&#038;iwloc=near\"\n\t\t\t\t\ttitle=\"Slobodana Baji\u0107a 1, Beograd Institut za kukuruz\"\n\t\t\t\t\taria-label=\"Slobodana Baji\u0107a 1, Beograd Institut za kukuruz\"\n\t\t\t><\/iframe>\n\t\t<\/div>\n\t\t\t\t\t\t<\/div>\n\t\t\t\t<\/div>\n\t\t\t\t\t<\/div>\n\t\t<\/div>\n\t\t\t\t<div class=\"elementor-column elementor-col-50 elementor-top-column elementor-element elementor-element-43f9d11\" data-id=\"43f9d11\" data-element_type=\"column\" data-e-type=\"column\">\n\t\t\t<div class=\"elementor-widget-wrap elementor-element-populated\">\n\t\t\t\t\t\t<div class=\"elementor-element elementor-element-817f491 elementor-widget elementor-widget-ecofinecore_about\" data-id=\"817f491\" data-element_type=\"widget\" data-e-type=\"widget\" data-widget_type=\"ecofinecore_about.default\">\n\t\t\t\t<div class=\"elementor-widget-container\">\n\t\t\t\t\t        <div class=\"about-section-wraper\">\n            <div class=\"container\">\n            <div class=\"about_content \">\n                <div class=\"about-item\">\n                 <h4 class=\"about-small-stitle\"> talk to us <\/h4>                                 <div class=\"about-des\"> <h2>If you have any question, please contact us:<\/h2> <\/div>                <\/div>\n                                            <\/div>\n        <\/div>\n        <\/div>\n        \t\t\t\t<\/div>\n\t\t\t\t<\/div>\n\t\t\t\t<div class=\"elementor-element elementor-element-66fa6f4 elementor-widget elementor-widget-ECOFINE_ctf7\" data-id=\"66fa6f4\" data-element_type=\"widget\" data-e-type=\"widget\" data-widget_type=\"ECOFINE_ctf7.default\">\n\t\t\t\t<div class=\"elementor-widget-container\">\n\t\t\t\t\t        <div class=\"Ecofine-ctf7s-wrapper\">\n        \n<div class=\"wpcf7 no-js\" id=\"wpcf7-f2862-o1\" lang=\"en-US\" dir=\"ltr\" data-wpcf7-id=\"2862\">\n<div class=\"screen-reader-response\"><p role=\"status\" aria-live=\"polite\" aria-atomic=\"true\"><\/p> <ul><\/ul><\/div>\n<form action=\"\/index.php?rest_route=%2Fwp%2Fv2%2Fpages%2F18#wpcf7-f2862-o1\" method=\"post\" class=\"wpcf7-form init\" aria-label=\"Contact form\" novalidate=\"novalidate\" data-status=\"init\">\n<fieldset class=\"hidden-fields-container\"><input type=\"hidden\" name=\"_wpcf7\" value=\"2862\" \/><input type=\"hidden\" name=\"_wpcf7_version\" value=\"6.1.5\" \/><input type=\"hidden\" name=\"_wpcf7_locale\" value=\"en_US\" \/><input type=\"hidden\" name=\"_wpcf7_unit_tag\" value=\"wpcf7-f2862-o1\" \/><input type=\"hidden\" name=\"_wpcf7_container_post\" value=\"0\" \/><input type=\"hidden\" name=\"_wpcf7_posted_data_hash\" value=\"\" \/><input type=\"hidden\" name=\"_wpcf7_recaptcha_response\" value=\"\" \/>\n<\/fieldset>\n<div class=\"eco-contact-from-two-wrappwr\">\n    <div class=\"container\">\n        <div class=\"row\">\n            <div class=\"col-lg-6 col-md-6 col-12\">\n                <div class=\"eco-input-area\">\n                    <span class=\"wpcf7-form-control-wrap\" data-name=\"fname\"><input size=\"40\" maxlength=\"400\" class=\"wpcf7-form-control wpcf7-text wpcf7-validates-as-required\" aria-required=\"true\" aria-invalid=\"false\" placeholder=\"You Name\" value=\"\" type=\"text\" name=\"fname\" \/><\/span>\n                <\/div>\n            <\/div>\n            <div class=\"col-lg-6 col-md-6 col-12\">\n                <div class=\"eco-input-area\">\n                    <span class=\"wpcf7-form-control-wrap\" data-name=\"email\"><input size=\"40\" maxlength=\"400\" class=\"wpcf7-form-control wpcf7-email wpcf7-validates-as-required wpcf7-text wpcf7-validates-as-email\" aria-required=\"true\" aria-invalid=\"false\" placeholder=\"Email Address\" value=\"\" type=\"email\" name=\"email\" \/><\/span>\n                <\/div>\n            <\/div>\n\n            <div class=\"col-lg-12 col-md-12 col-12\">\n                <div class=\"eco-input-area\">\n                    <span class=\"wpcf7-form-control-wrap\" data-name=\"Subject\"><input size=\"40\" maxlength=\"400\" class=\"wpcf7-form-control wpcf7-text wpcf7-validates-as-required\" aria-required=\"true\" aria-invalid=\"false\" placeholder=\"Subject\" value=\"\" type=\"text\" name=\"Subject\" \/><\/span>\n                <\/div>\n            <\/div>\n            <div class=\"col-lg-12 col-md-12 col-12\">\n            <\/div>\n            <div class=\"col-lg-12 col-md-12 col-12\">\n                <div class=\"eco-input-area message\">\n                    <span class=\"wpcf7-form-control-wrap\" data-name=\"message\"><textarea cols=\"10\" rows=\"5\" maxlength=\"2000\" class=\"wpcf7-form-control wpcf7-textarea wpcf7-validates-as-required\" aria-required=\"true\" aria-invalid=\"false\" placeholder=\"Your Message\" name=\"message\"><\/textarea><\/span>\n                <\/div>\n                <div class=\"eco-contact-button button\">\n                    <input class=\"wpcf7-form-control wpcf7-submit has-spinner blob-btn\" type=\"submit\" value=\"Submit Now\" \/>\n                <\/div>\n            <\/div>\n        <\/div>\n    <\/div>\n    <\/div><p style=\"display: none !important;\" class=\"akismet-fields-container\" data-prefix=\"_wpcf7_ak_\"><label>&#916;<textarea name=\"_wpcf7_ak_hp_textarea\" cols=\"45\" rows=\"8\" maxlength=\"100\"><\/textarea><\/label><input type=\"hidden\" id=\"ak_js_1\" name=\"_wpcf7_ak_js\" value=\"13\"\/><script>\ndocument.getElementById( \"ak_js_1\" ).setAttribute( \"value\", ( new Date() ).getTime() );\n<\/script>\n<\/p><div class=\"wpcf7-response-output\" aria-hidden=\"true\"><\/div>\n<\/form>\n<\/div>\n        <\/div>\n        \t\t\t\t<\/div>\n\t\t\t\t<\/div>\n\t\t\t\t<div class=\"elementor-element elementor-element-2f2c205 elementor-widget elementor-widget-ecofinecore_about\" data-id=\"2f2c205\" data-element_type=\"widget\" data-e-type=\"widget\" data-widget_type=\"ecofinecore_about.default\">\n\t\t\t\t<div class=\"elementor-widget-container\">\n\t\t\t\t\t        <div class=\"about-section-wraper\">\n            <div class=\"container\">\n            <div class=\"about_content \">\n                <div class=\"about-item\">\n                 <h4 class=\"about-small-stitle\"> Pheno_MaizE on LinkedIN <\/h4>                                 <div class=\"about-des\"> <h3>Connect with us on LinkedIn! \ud83c\udf1f<\/h3> <\/div>                <\/div>\n                                                <div class=\"about-button\">\n\t\t\t\t\t<a href=\"https:\/\/www.linkedin.com\/in\/pheno-maize-project-9800862b9\/\" target=\"_blank\" rel=\"nofollow\" class=\" theme-btns\"> <span>Connect! <i class=\"fas fa-angle-double-right\"><\/i><\/span><\/a>\n\t\t\t\t<\/div>\n                            <\/div>\n        <\/div>\n        <\/div>\n        \t\t\t\t<\/div>\n\t\t\t\t<\/div>\n\t\t\t\t\t<\/div>\n\t\t<\/div>\n\t\t\t\t\t<\/div>\n\t\t<\/section>\n\t\t\t\t<\/div>\n\t\t","protected":false},"excerpt":{"rendered":"<p>Sofija Bo\u017einovi\u0107, PhD Principal Investigator Contact e-mails: sbozinovic@mrizp.rs phenomaize@mrizp.rs Our address Street: Slobodana Baji\u0107a 1, 11185 Belgrade, Serbia talk to us If you have any question, please contact us: &#916; Pheno_MaizE on LinkedIN Connect with us on LinkedIn! \ud83c\udf1f Connect!<\/p>\n","protected":false},"author":1,"featured_media":0,"parent":0,"menu_order":0,"comment_status":"closed","ping_status":"closed","template":"","meta":{"om_disable_all_campaigns":false,"footnotes":""},"class_list":["post-18","page","type-page","status-publish","hentry"],"aioseo_notices":[],"_links":{"self":[{"href":"https:\/\/phenomaize.rs\/index.php?rest_route=\/wp\/v2\/pages\/18","targetHints":{"allow":["GET"]}}],"collection":[{"href":"https:\/\/phenomaize.rs\/index.php?rest_route=\/wp\/v2\/pages"}],"about":[{"href":"https:\/\/phenomaize.rs\/index.php?rest_route=\/wp\/v2\/types\/page"}],"author":[{"embeddable":true,"href":"https:\/\/phenomaize.rs\/index.php?rest_route=\/wp\/v2\/users\/1"}],"replies":[{"embeddable":true,"href":"https:\/\/phenomaize.rs\/index.php?rest_route=%2Fwp%2Fv2%2Fcomments&post=18"}],"version-history":[{"count":78,"href":"https:\/\/phenomaize.rs\/index.php?rest_route=\/wp\/v2\/pages\/18\/revisions"}],"predecessor-version":[{"id":6727,"href":"https:\/\/phenomaize.rs\/index.php?rest_route=\/wp\/v2\/pages\/18\/revisions\/6727"}],"wp:attachment":[{"href":"https:\/\/phenomaize.rs\/index.php?rest_route=%2Fwp%2Fv2%2Fmedia&parent=18"}],"curies":[{"name":"wp","href":"https:\/\/api.w.org\/{rel}","templated":true}]}}